{"id":45,"date":"2017-06-08T10:12:54","date_gmt":"2017-06-08T10:12:54","guid":{"rendered":"https:\/\/scimitar.es\/?page_id=45"},"modified":"2022-05-18T08:57:21","modified_gmt":"2022-05-18T07:57:21","slug":"contact","status":"publish","type":"page","link":"https:\/\/scimitar.es\/index.php\/contact\/","title":{"rendered":"Contact"},"content":{"rendered":"<p>[et_pb_section fb_built=\u00bb1&#8243; fullwidth=\u00bbon\u00bb disabled_on=\u00bbon|on|on\u00bb _builder_version=\u00bb4.16&#8243; disabled=\u00bbon\u00bb global_colors_info=\u00bb{}\u00bb][et_pb_fullwidth_map address=\u00bbCampus Norte, Av. de Castelao, s\/n, 15705 Santiago de Compostela, La Coru\u00f1a, Espa\u00f1a\u00bb address_lat=\u00bb42.89123170000001&#8243; address_lng=\u00bb-8.545082699999966&#8243; _builder_version=\u00bb4.16&#8243; global_colors_info=\u00bb{}\u00bb][et_pb_map_pin pin_address=\u00bbFerrol, La Coru\u00f1a, Espa\u00f1a\u00bb pin_address_lat=\u00bb43.48964600000001&#8243; pin_address_lng=\u00bb-8.219345100000055&#8243; _builder_version=\u00bb3.0.47&#8243; global_colors_info=\u00bb{}\u00bb][\/et_pb_map_pin][\/et_pb_fullwidth_map][\/et_pb_section][et_pb_section fb_built=\u00bb1&#8243; fullwidth=\u00bbon\u00bb _builder_version=\u00bb4.16&#8243; global_colors_info=\u00bb{}\u00bb][et_pb_fullwidth_header title=\u00bbContact\u00bb background_overlay_color=\u00bbrgba(0,0,0,0.24)\u00bb _builder_version=\u00bb4.16&#8243; background_color=\u00bb#a8b299&#8243; background_image=\u00bbhttps:\/\/scimitar.es\/wp-content\/uploads\/2018\/01\/banner_contacto-1.jpg\u00bb max_width_tablet=\u00bb50px\u00bb global_colors_info=\u00bb{}\u00bb button_one_text_size__hover_enabled=\u00bboff\u00bb button_two_text_size__hover_enabled=\u00bboff\u00bb button_one_text_color__hover_enabled=\u00bboff\u00bb button_two_text_color__hover_enabled=\u00bboff\u00bb button_one_border_width__hover_enabled=\u00bboff\u00bb button_two_border_width__hover_enabled=\u00bboff\u00bb button_one_border_color__hover_enabled=\u00bboff\u00bb button_two_border_color__hover_enabled=\u00bboff\u00bb button_one_border_radius__hover_enabled=\u00bboff\u00bb button_two_border_radius__hover_enabled=\u00bboff\u00bb button_one_letter_spacing__hover_enabled=\u00bboff\u00bb button_two_letter_spacing__hover_enabled=\u00bboff\u00bb button_one_bg_color__hover_enabled=\u00bboff\u00bb button_two_bg_color__hover_enabled=\u00bboff\u00bb]<\/p>\n<p>&nbsp;<\/p>\n<p>&nbsp;<\/p>\n<p>[\/et_pb_fullwidth_header][\/et_pb_section][et_pb_section fb_built=\u00bb1&#8243; _builder_version=\u00bb4.16&#8243; global_colors_info=\u00bb{}\u00bb][et_pb_row _builder_version=\u00bb4.16&#8243; global_colors_info=\u00bb{}\u00bb column_structure=\u00bb1_3,2_3&#8243;][et_pb_column type=\u00bb1_3&#8243; _builder_version=\u00bb4.16&#8243; custom_padding=\u00bb|||\u00bb global_colors_info=\u00bb{}\u00bb custom_padding__hover=\u00bb|||\u00bb][et_pb_code _builder_version=\u00bb4.16&#8243; global_colors_info=\u00bb{}\u00bb]Prof. Dr. Mar\u00eda de los \u00c1ngeles G\u00f3mez Gonz\u00e1lez<\/br><!-- [et_pb_line_break_holder] -->Co-ordinator of SCIMITAR<\/br><!-- [et_pb_line_break_holder] -->English Department University of Santiago de Compostela<\/br><\/br><\/br><!-- [et_pb_line_break_holder] --><strong>Address:<\/strong><!-- [et_pb_line_break_holder] --><\/br><!-- [et_pb_line_break_holder] -->Avda. Castelao s\/n E-15704 Santiago de Compostela, Spain<!-- [et_pb_line_break_holder] --><\/br><\/br><!-- [et_pb_line_break_holder] --><i class=\"fa fa-map-marker\" aria-hidden=\"true\"><\/i> Lat: 42.8912317 \/ Lon: -8.5472714\u201d<!-- [et_pb_line_break_holder] --><\/br><\/br><!-- [et_pb_line_break_holder] --><i class=\"fa fa-phone\" aria-hidden=\"true\"><\/i> +34 981 563 100 Exts. 11844<!-- [et_pb_line_break_holder] --><\/br><\/br><!-- [et_pb_line_break_holder] --><i class=\"fa fa-fax\" aria-hidden=\"true\"><\/i> +34 981 574 646<!-- [et_pb_line_break_holder] --><\/br><\/br><!-- [et_pb_line_break_holder] --><i class=\"fa fa-envelope\" aria-hidden=\"true\"><\/i> mdelosangeles.gomez@usc.es[\/et_pb_code][\/et_pb_column][et_pb_column type=\u00bb2_3&#8243; _builder_version=\u00bb4.16&#8243; background_color=\u00bb#ededed\u00bb custom_padding=\u00bb|||\u00bb global_colors_info=\u00bb{}\u00bb custom_padding__hover=\u00bb|||\u00bb][et_pb_map address=\u00bbCampus Norte, Av. de Castelao, s\/n, 15705 Santiago de Compostela, La Coru\u00f1a, Espa\u00f1a\u00bb address_lat=\u00bb42.89123170000001&#8243; address_lng=\u00bb-8.545082699999966&#8243; _builder_version=\u00bb4.16&#8243; global_colors_info=\u00bb{}\u00bb][\/et_pb_map][\/et_pb_column][\/et_pb_row][\/et_pb_section]<\/p>\n","protected":false},"excerpt":{"rendered":"<p>&nbsp;&nbsp;<\/p>\n","protected":false},"author":4,"featured_media":0,"parent":0,"menu_order":0,"comment_status":"closed","ping_status":"open","template":"","meta":{"_et_pb_use_builder":"on","_et_pb_old_content":"","_et_gb_content_width":"","footnotes":""},"class_list":["post-45","page","type-page","status-publish","hentry"],"yoast_head":"<!-- This site is optimized with the Yoast SEO plugin v27.4 - https:\/\/yoast.com\/product\/yoast-seo-wordpress\/ -->\n<title>Contact - SCIMITAR<\/title>\n<meta name=\"robots\" content=\"index, follow, max-snippet:-1, max-image-preview:large, max-video-preview:-1\" \/>\n<link rel=\"canonical\" href=\"https:\/\/scimitar.es\/index.php\/contact\/\" \/>\n<meta property=\"og:locale\" content=\"es_ES\" \/>\n<meta property=\"og:type\" content=\"article\" \/>\n<meta property=\"og:title\" content=\"Contact - SCIMITAR\" \/>\n<meta property=\"og:description\" content=\"&nbsp;&nbsp;\" \/>\n<meta property=\"og:url\" content=\"https:\/\/scimitar.es\/index.php\/contact\/\" \/>\n<meta property=\"og:site_name\" content=\"SCIMITAR\" \/>\n<meta property=\"article:modified_time\" content=\"2022-05-18T07:57:21+00:00\" \/>\n<meta name=\"twitter:card\" content=\"summary_large_image\" \/>\n<meta name=\"twitter:label1\" content=\"Tiempo de lectura\" \/>\n\t<meta name=\"twitter:data1\" content=\"2 minutos\" \/>\n<script type=\"application\/ld+json\" class=\"yoast-schema-graph\">{\"@context\":\"https:\\\/\\\/schema.org\",\"@graph\":[{\"@type\":\"WebPage\",\"@id\":\"https:\\\/\\\/scimitar.es\\\/index.php\\\/contact\\\/\",\"url\":\"https:\\\/\\\/scimitar.es\\\/index.php\\\/contact\\\/\",\"name\":\"Contact - SCIMITAR\",\"isPartOf\":{\"@id\":\"https:\\\/\\\/scimitar.es\\\/#website\"},\"datePublished\":\"2017-06-08T10:12:54+00:00\",\"dateModified\":\"2022-05-18T07:57:21+00:00\",\"breadcrumb\":{\"@id\":\"https:\\\/\\\/scimitar.es\\\/index.php\\\/contact\\\/#breadcrumb\"},\"inLanguage\":\"es\",\"potentialAction\":[{\"@type\":\"ReadAction\",\"target\":[\"https:\\\/\\\/scimitar.es\\\/index.php\\\/contact\\\/\"]}]},{\"@type\":\"BreadcrumbList\",\"@id\":\"https:\\\/\\\/scimitar.es\\\/index.php\\\/contact\\\/#breadcrumb\",\"itemListElement\":[{\"@type\":\"ListItem\",\"position\":1,\"name\":\"Portada\",\"item\":\"https:\\\/\\\/scimitar.es\\\/\"},{\"@type\":\"ListItem\",\"position\":2,\"name\":\"Contact\"}]},{\"@type\":\"WebSite\",\"@id\":\"https:\\\/\\\/scimitar.es\\\/#website\",\"url\":\"https:\\\/\\\/scimitar.es\\\/\",\"name\":\"SCIMITAR\",\"description\":\"Santiago-Centred International Milieu for Interactional, Typological and Acquisitional Research\",\"potentialAction\":[{\"@type\":\"SearchAction\",\"target\":{\"@type\":\"EntryPoint\",\"urlTemplate\":\"https:\\\/\\\/scimitar.es\\\/?s={search_term_string}\"},\"query-input\":{\"@type\":\"PropertyValueSpecification\",\"valueRequired\":true,\"valueName\":\"search_term_string\"}}],\"inLanguage\":\"es\"}]}<\/script>\n<!-- \/ Yoast SEO plugin. -->","yoast_head_json":{"title":"Contact - SCIMITAR","robots":{"index":"index","follow":"follow","max-snippet":"max-snippet:-1","max-image-preview":"max-image-preview:large","max-video-preview":"max-video-preview:-1"},"canonical":"https:\/\/scimitar.es\/index.php\/contact\/","og_locale":"es_ES","og_type":"article","og_title":"Contact - SCIMITAR","og_description":"&nbsp;&nbsp;","og_url":"https:\/\/scimitar.es\/index.php\/contact\/","og_site_name":"SCIMITAR","article_modified_time":"2022-05-18T07:57:21+00:00","twitter_card":"summary_large_image","twitter_misc":{"Tiempo de lectura":"2 minutos"},"schema":{"@context":"https:\/\/schema.org","@graph":[{"@type":"WebPage","@id":"https:\/\/scimitar.es\/index.php\/contact\/","url":"https:\/\/scimitar.es\/index.php\/contact\/","name":"Contact - SCIMITAR","isPartOf":{"@id":"https:\/\/scimitar.es\/#website"},"datePublished":"2017-06-08T10:12:54+00:00","dateModified":"2022-05-18T07:57:21+00:00","breadcrumb":{"@id":"https:\/\/scimitar.es\/index.php\/contact\/#breadcrumb"},"inLanguage":"es","potentialAction":[{"@type":"ReadAction","target":["https:\/\/scimitar.es\/index.php\/contact\/"]}]},{"@type":"BreadcrumbList","@id":"https:\/\/scimitar.es\/index.php\/contact\/#breadcrumb","itemListElement":[{"@type":"ListItem","position":1,"name":"Portada","item":"https:\/\/scimitar.es\/"},{"@type":"ListItem","position":2,"name":"Contact"}]},{"@type":"WebSite","@id":"https:\/\/scimitar.es\/#website","url":"https:\/\/scimitar.es\/","name":"SCIMITAR","description":"Santiago-Centred International Milieu for Interactional, Typological and Acquisitional Research","potentialAction":[{"@type":"SearchAction","target":{"@type":"EntryPoint","urlTemplate":"https:\/\/scimitar.es\/?s={search_term_string}"},"query-input":{"@type":"PropertyValueSpecification","valueRequired":true,"valueName":"search_term_string"}}],"inLanguage":"es"}]}},"_links":{"self":[{"href":"https:\/\/scimitar.es\/index.php\/wp-json\/wp\/v2\/pages\/45","targetHints":{"allow":["GET"]}}],"collection":[{"href":"https:\/\/scimitar.es\/index.php\/wp-json\/wp\/v2\/pages"}],"about":[{"href":"https:\/\/scimitar.es\/index.php\/wp-json\/wp\/v2\/types\/page"}],"author":[{"embeddable":true,"href":"https:\/\/scimitar.es\/index.php\/wp-json\/wp\/v2\/users\/4"}],"replies":[{"embeddable":true,"href":"https:\/\/scimitar.es\/index.php\/wp-json\/wp\/v2\/comments?post=45"}],"version-history":[{"count":0,"href":"https:\/\/scimitar.es\/index.php\/wp-json\/wp\/v2\/pages\/45\/revisions"}],"wp:attachment":[{"href":"https:\/\/scimitar.es\/index.php\/wp-json\/wp\/v2\/media?parent=45"}],"curies":[{"name":"wp","href":"https:\/\/api.w.org\/{rel}","templated":true}]}}